{"id":1208,"date":"2016-09-26T10:35:47","date_gmt":"2016-09-26T09:35:47","guid":{"rendered":"http:\/\/kinderwijkraad.nl\/zuiderzeewijk\/?page_id=1208"},"modified":"2020-01-28T14:53:29","modified_gmt":"2020-01-28T13:53:29","slug":"informatie-voor-oudersverzorgers","status":"publish","type":"page","link":"https:\/\/kinderwijkraad.nl\/zuiderzeewijk\/informatie-voor-oudersverzorgers\/","title":{"rendered":"Informatie voor ouders\/verzorgers"},"content":{"rendered":"<p>Aan het begin van elk schooljaar krijgen de leerlingen van de hoogste groepen van de deelnemende basisscholen in de Zuiderzeewijk een <strong>lesprogramma<\/strong> over democratie en de kinderwijkraad. De kinderen denken dan samen na over wat belangrijk is voor de wijk, en maken plannen om de wijk nog leuker te maken.<br \/>\nDaarna vormt een groep vertegenwoordigers van alle kinderen elk schooljaar samen een <strong>kinderwijkraad Zuiderzeewijk<\/strong> , die de uitvoering van de door de kinderen gekozen plannen gaat organiseren.<\/p>\n<p>Alle kinderen die dat willen kunnen zich <strong>aanmelden<\/strong> om mee te doen. Als uw kind ook mee wil doen met de kinderwijkraad is daarvoor uw toestemming nodig. Die kunt u geven door de <em>aanmeldstrook<\/em> aan de <em>informatiebrief<\/em> in te vullen.<\/p>\n<p>De kinderwijkraad Zuiderzeewijk komt elke week op een vaste dag en tijd direct na school bij elkaar, onder deskundige begeleiding uit de buurt.<\/p>\n<h3>Zo werkt de Kinderwijkraad<\/h3>\n<p>De kinderwijkraad Zuiderzeewijk komt een schooljaar lang elke week bij elkaar (behalve in de schoolvakanties). De <strong>bijeenkomsten<\/strong> duren ongeveer 1,5&nbsp;uur, afhankelijk van het programma. Dag en tijd worden na de installatie in overleg met de kinderen vastgesteld.<\/p>\n<p>Van kinderen die willen deelnemen aan de kinderwijkraad vragen wij bij de eerste bijeenkomst een door de ouders\/verzorgers ondertekende <strong>aanmelding<\/strong> (toestemming) en naam, adres, (mobiele) telefoonnummer en mailadres van ouders\/verzorgers. Deze gegevens worden uitsluitend voor de kinderwijkraad gebruikt; als er iets is willen wij u graag kunnen bereiken.<\/p>\n<p>Voor deelname aan <strong>aparte activiteiten\/excursies<\/strong> vragen wij altijd vooraf toestemming aan de ouders\/verzorgers.<\/p>\n<p>Wij vragen ouders\/verzorgers dringend om altijd van tevoren aan de begeleider door te geven als een kind niet komt (<strong>ziek, geen zin, verhinderd<\/strong>). Indien een kind meerdere keren zonder bericht afwezig is volgt een gesprek.<\/p>\n<p><strong>Contact<\/strong> omtrent uw kind vindt alleen rechtstreeks met de ouder\/verzorger plaats (via e-mail en\/of telefonisch). Begeleiders hebben geen priv\u00e9contact via social media met de kinderen, tenzij anders is overeengekomen met de ouders\/verzorgers.<\/p>\n<p>De kinderwijkraad Zuiderzeewijk publiceert regelmatig <strong>nieuwsberichten<\/strong> met foto\u2019s en\/of filmpjes op haar eigen website. Wij stimuleren de kinderen om zoveel mogelijk zelf te doen. De inhoud wordt echter altijd v\u00f3\u00f3r publicatie door de co\u00f6rdinator\/begeleider beoordeeld.<\/p>\n<p><strong>Negatief gedrag<\/strong>, in welke vorm dan ook, wordt niet geaccepteerd. Er volgt dan een gesprek met het betreffende kind en eventueel de ouders\/verzorgers over een oplossing of eventuele maatregelen. De uiteindelijke beslissing ligt bij de co\u00f6rdinator\/begeleider.<\/p>\n<h3>Begeleiders<\/h3>\n<figure id=\"attachment_1473\" aria-describedby=\"caption-attachment-1473\" style=\"width: 150px\" class=\"wp-caption alignleft\"><a href=\"http:\/\/kinderwijkraad.nl\/zuiderzeewijk\/wp-content\/uploads\/2016\/09\/Vacature-begeleider-Kinderwijkraad-Zuiderzeewijk.pdf\"><img decoding=\"async\" loading=\"lazy\" class=\"wp-image-1473\" src=\"http:\/\/kinderwijkraad.nl\/zuiderzeewijk\/wp-content\/uploads\/2016\/09\/covervac-211x300.png\" alt=\"covervac\" width=\"150\" height=\"213\" srcset=\"https:\/\/kinderwijkraad.nl\/zuiderzeewijk\/wp-content\/uploads\/2016\/09\/covervac-211x300.png 211w, https:\/\/kinderwijkraad.nl\/zuiderzeewijk\/wp-content\/uploads\/2016\/09\/covervac.png 226w\" sizes=\"(max-width: 150px) 100vw, 150px\" \/><\/a><figcaption id=\"caption-attachment-1473\" class=\"wp-caption-text\">folder help mee als begeleider of vrijwilliger<\/figcaption><\/figure>\n<p>De vaste <strong>begeleiders<\/strong> van de kinderwijkraad worden ondersteund door een of meer stagiaires en\/of vrijwilligers.<br \/>\nOuders\/verzorgers kunnen als <strong>vrijwilliger<\/strong> (vast of incidenteel) assisteren bij het begeleiden van de kinderwijkraad of bij speciale activiteiten\/excursies.<br \/>\nVaste begeleiders vragen wij altijd om een Verklaring Omtrent Gedrag (VOG).<\/p>\n<p>Ouders\/verzorgers en andere belangstellenden zijn <strong>altijd welkom<\/strong> bij de vergaderingen en andere activiteiten van de kinderwijkraad. Wij nodigen u van harte uit om een keertje te komen helpen!<\/p>\n<p>Heeft u <strong>vragen<\/strong>, opmerkingen of tips? Neem gerust contact met ons op!<\/p>\n<figure id=\"attachment_1212\" aria-describedby=\"caption-attachment-1212\" style=\"width: 940px\" class=\"wp-caption alignnone\"><img decoding=\"async\" loading=\"lazy\" class=\"wp-image-1212 size-full\" src=\"http:\/\/kinderwijkraad.nl\/zuiderzeewijk\/wp-content\/uploads\/2016\/09\/support.png\" alt=\"support\" width=\"940\" height=\"285\" srcset=\"https:\/\/kinderwijkraad.nl\/zuiderzeewijk\/wp-content\/uploads\/2016\/09\/support.png 940w, https:\/\/kinderwijkraad.nl\/zuiderzeewijk\/wp-content\/uploads\/2016\/09\/support-300x91.png 300w, https:\/\/kinderwijkraad.nl\/zuiderzeewijk\/wp-content\/uploads\/2016\/09\/support-768x233.png 768w\" sizes=\"(max-width: 940px) 100vw, 940px\" \/><figcaption id=\"caption-attachment-1212\" class=\"wp-caption-text\">Doe mee met de kinderen!<\/figcaption><\/figure>\n","protected":false},"excerpt":{"rendered":"<p>Aan het begin van elk schooljaar krijgen de leerlingen van de hoogste groepen van de deelnemende basisscholen in de Zuiderzeewijk een lesprogramma over democratie en de kinderwijkraad. De kinderen denken dan samen na over wat belangrijk is voor de wijk, en maken plannen om de wijk nog leuker te maken. Daarna vormt een groep vertegenwoordigers [&hellip;]<\/p>\n","protected":false},"author":1,"featured_media":0,"parent":0,"menu_order":0,"comment_status":"closed","ping_status":"closed","template":"","meta":[],"_links":{"self":[{"href":"https:\/\/kinderwijkraad.nl\/zuiderzeewijk\/wp-json\/wp\/v2\/pages\/1208"}],"collection":[{"href":"https:\/\/kinderwijkraad.nl\/zuiderzeewijk\/wp-json\/wp\/v2\/pages"}],"about":[{"href":"https:\/\/kinderwijkraad.nl\/zuiderzeewijk\/wp-json\/wp\/v2\/types\/page"}],"author":[{"embeddable":true,"href":"https:\/\/kinderwijkraad.nl\/zuiderzeewijk\/wp-json\/wp\/v2\/users\/1"}],"replies":[{"embeddable":true,"href":"https:\/\/kinderwijkraad.nl\/zuiderzeewijk\/wp-json\/wp\/v2\/comments?post=1208"}],"version-history":[{"count":19,"href":"https:\/\/kinderwijkraad.nl\/zuiderzeewijk\/wp-json\/wp\/v2\/pages\/1208\/revisions"}],"predecessor-version":[{"id":2052,"href":"https:\/\/kinderwijkraad.nl\/zuiderzeewijk\/wp-json\/wp\/v2\/pages\/1208\/revisions\/2052"}],"wp:attachment":[{"href":"https:\/\/kinderwijkraad.nl\/zuiderzeewijk\/wp-json\/wp\/v2\/media?parent=1208"}],"curies":[{"name":"wp","href":"https:\/\/api.w.org\/{rel}","templated":true}]}}